{"id":191,"date":"2023-12-14T18:26:55","date_gmt":"2023-12-14T18:26:55","guid":{"rendered":"https:\/\/buenvivir.com.mx\/?post_type=product&#038;p=191"},"modified":"2025-04-12T00:35:49","modified_gmt":"2025-04-12T00:35:49","slug":"jabon-cafe","status":"publish","type":"product","link":"https:\/\/buenvivir.com.mx\/index.php\/product\/jabon-cafe\/","title":{"rendered":"Jab\u00f3n caf\u00e9"},"content":{"rendered":"<p>Producto realizado con nuestros granos de caf\u00e9<\/p>\n","protected":false},"excerpt":{"rendered":"<p>Producto realizado con nuestros granos de caf\u00e9<\/p>\n","protected":false},"featured_media":0,"comment_status":"open","ping_status":"closed","template":"","meta":{"om_disable_all_campaigns":false,"_monsterinsights_skip_tracking":false,"_monsterinsights_sitenote_active":false,"_monsterinsights_sitenote_note":"","_monsterinsights_sitenote_category":0},"product_cat":[18],"product_tag":[21],"class_list":["post-191","product","type-product","status-publish","hentry","product_cat-uncategorized","product_tag-cafe"],"aioseo_notices":[],"_links":{"self":[{"href":"https:\/\/buenvivir.com.mx\/index.php\/wp-json\/wp\/v2\/product\/191","targetHints":{"allow":["GET"]}}],"collection":[{"href":"https:\/\/buenvivir.com.mx\/index.php\/wp-json\/wp\/v2\/product"}],"about":[{"href":"https:\/\/buenvivir.com.mx\/index.php\/wp-json\/wp\/v2\/types\/product"}],"replies":[{"embeddable":true,"href":"https:\/\/buenvivir.com.mx\/index.php\/wp-json\/wp\/v2\/comments?post=191"}],"wp:attachment":[{"href":"https:\/\/buenvivir.com.mx\/index.php\/wp-json\/wp\/v2\/media?parent=191"}],"wp:term":[{"taxonomy":"product_cat","embeddable":true,"href":"https:\/\/buenvivir.com.mx\/index.php\/wp-json\/wp\/v2\/product_cat?post=191"},{"taxonomy":"product_tag","embeddable":true,"href":"https:\/\/buenvivir.com.mx\/index.php\/wp-json\/wp\/v2\/product_tag?post=191"}],"curies":[{"name":"wp","href":"https:\/\/api.w.org\/{rel}","templated":true}]}}