{"id":187,"date":"2023-12-14T18:23:45","date_gmt":"2023-12-14T18:23:45","guid":{"rendered":"https:\/\/buenvivir.com.mx\/?post_type=product&#038;p=187"},"modified":"2023-12-14T18:23:45","modified_gmt":"2023-12-14T18:23:45","slug":"cafe-arabigo-chiapas","status":"publish","type":"product","link":"https:\/\/buenvivir.com.mx\/index.php\/product\/cafe-arabigo-chiapas\/","title":{"rendered":"Caf\u00e9 ar\u00e1bigo Chiapas"},"content":{"rendered":"<p>Caf\u00e9 ar\u00e1bigo de altura<\/p>\n<p>Contiene. 400 gr. caf\u00e9<\/p>\n<p>Escoge el molido de tu preferencia<\/p>\n","protected":false},"excerpt":{"rendered":"<p>Caf\u00e9 ar\u00e1bigo de altura Contiene. 400 gr. caf\u00e9 Escoge el molido de tu preferencia<\/p>\n","protected":false},"featured_media":0,"comment_status":"open","ping_status":"closed","template":"","meta":{"om_disable_all_campaigns":false,"_monsterinsights_skip_tracking":false,"_monsterinsights_sitenote_active":false,"_monsterinsights_sitenote_note":"","_monsterinsights_sitenote_category":0},"product_cat":[18],"product_tag":[],"class_list":["post-187","product","type-product","status-publish","hentry","product_cat-uncategorized"],"aioseo_notices":[],"_links":{"self":[{"href":"https:\/\/buenvivir.com.mx\/index.php\/wp-json\/wp\/v2\/product\/187","targetHints":{"allow":["GET"]}}],"collection":[{"href":"https:\/\/buenvivir.com.mx\/index.php\/wp-json\/wp\/v2\/product"}],"about":[{"href":"https:\/\/buenvivir.com.mx\/index.php\/wp-json\/wp\/v2\/types\/product"}],"replies":[{"embeddable":true,"href":"https:\/\/buenvivir.com.mx\/index.php\/wp-json\/wp\/v2\/comments?post=187"}],"wp:attachment":[{"href":"https:\/\/buenvivir.com.mx\/index.php\/wp-json\/wp\/v2\/media?parent=187"}],"wp:term":[{"taxonomy":"product_cat","embeddable":true,"href":"https:\/\/buenvivir.com.mx\/index.php\/wp-json\/wp\/v2\/product_cat?post=187"},{"taxonomy":"product_tag","embeddable":true,"href":"https:\/\/buenvivir.com.mx\/index.php\/wp-json\/wp\/v2\/product_tag?post=187"}],"curies":[{"name":"wp","href":"https:\/\/api.w.org\/{rel}","templated":true}]}}